{"id":117,"date":"2024-10-15T15:02:09","date_gmt":"2024-10-15T13:02:09","guid":{"rendered":"https:\/\/www.latelier-rlc.fr\/?page_id=117"},"modified":"2024-10-29T15:50:14","modified_gmt":"2024-10-29T14:50:14","slug":"renovation-collectif","status":"publish","type":"page","link":"https:\/\/www.latelier-rlc.fr\/index.php\/renovation-collectif\/","title":{"rendered":"R\u00e9novation collectif"},"content":{"rendered":"\n<div class=\"wp-block-group is-layout-constrained wp-container-core-group-is-layout-56c63f98 wp-block-group-is-layout-constrained\" style=\"padding-top:4rem;padding-right:65px;padding-bottom:80px;padding-left:65px\">\n<div class=\"wp-block-columns alignfull is-layout-flex wp-container-core-columns-is-layout-430f08e6 wp-block-columns-is-layout-flex\">\n<div class=\"wp-block-column is-layout-flow wp-block-column-is-layout-flow\">\n<h3 class=\"wp-block-heading has-text-color\" style=\"color:#010101\">Transformation d&rsquo;une maison en locatif<\/h3>\n<\/div>\n\n\n\n<div class=\"wp-block-column is-layout-flow wp-container-core-column-is-layout-343acf9e wp-block-column-is-layout-flow\">\n<p style=\"font-size:16px;font-style:normal;font-weight:300;line-height:1.8\">Ce projet consistait \u00e0 transformer une tr\u00e8s grande maison datant des ann\u00e9es 1950 en locatif \u00e0 l\u2019ann\u00e9e. Bien qu\u2019inoccup\u00e9e depuis plusieurs ann\u00e9es la maison \u00e9tait en bon \u00e9tat mais le syst\u00e8me de chauffage et l\u2019isolation \u00e9taient \u00e0 revoir. Ces travaux ont pu \u00eatre r\u00e9alis\u00e9 gr\u00e2ce \u00e0 l\u2019aide de l\u2019ANAH et du dispositif Ma Prime R\u00e9nov\u2019.<\/p>\n\n\n\n<p style=\"font-size:16px;font-style:normal;font-weight:300;line-height:1.8\"><\/p>\n<\/div>\n<\/div>\n<\/div>\n\n\n\n<figure class=\"wp-block-image alignfull size-full\"><img loading=\"lazy\" decoding=\"async\" width=\"2560\" height=\"1707\" src=\"https:\/\/www.latelier-rlc.fr\/wp-content\/uploads\/2024\/07\/IMG_7161-1-scaled.jpg\" alt=\"\" class=\"wp-image-118\" srcset=\"https:\/\/www.latelier-rlc.fr\/wp-content\/uploads\/2024\/07\/IMG_7161-1-scaled.jpg 2560w, https:\/\/www.latelier-rlc.fr\/wp-content\/uploads\/2024\/07\/IMG_7161-1-300x200.jpg 300w, https:\/\/www.latelier-rlc.fr\/wp-content\/uploads\/2024\/07\/IMG_7161-1-1024x683.jpg 1024w, https:\/\/www.latelier-rlc.fr\/wp-content\/uploads\/2024\/07\/IMG_7161-1-768x512.jpg 768w, https:\/\/www.latelier-rlc.fr\/wp-content\/uploads\/2024\/07\/IMG_7161-1-1536x1024.jpg 1536w, https:\/\/www.latelier-rlc.fr\/wp-content\/uploads\/2024\/07\/IMG_7161-1-2048x1365.jpg 2048w\" sizes=\"auto, (max-width: 2560px) 100vw, 2560px\" \/><\/figure>\n\n\n\n<div class=\"wp-block-group alignfull is-layout-constrained wp-block-group-is-layout-constrained\">\n<figure class=\"wp-block-image alignfull size-full\"><img loading=\"lazy\" decoding=\"async\" width=\"2560\" height=\"1707\" src=\"https:\/\/www.latelier-rlc.fr\/wp-content\/uploads\/2024\/07\/IMG_7159-scaled.jpg\" alt=\"\" class=\"wp-image-119\" srcset=\"https:\/\/www.latelier-rlc.fr\/wp-content\/uploads\/2024\/07\/IMG_7159-scaled.jpg 2560w, https:\/\/www.latelier-rlc.fr\/wp-content\/uploads\/2024\/07\/IMG_7159-300x200.jpg 300w, https:\/\/www.latelier-rlc.fr\/wp-content\/uploads\/2024\/07\/IMG_7159-1024x683.jpg 1024w, https:\/\/www.latelier-rlc.fr\/wp-content\/uploads\/2024\/07\/IMG_7159-768x512.jpg 768w, https:\/\/www.latelier-rlc.fr\/wp-content\/uploads\/2024\/07\/IMG_7159-1536x1024.jpg 1536w, https:\/\/www.latelier-rlc.fr\/wp-content\/uploads\/2024\/07\/IMG_7159-2048x1365.jpg 2048w\" sizes=\"auto, (max-width: 2560px) 100vw, 2560px\" \/><\/figure>\n<\/div>\n\n\n\n<div class=\"wp-block-group alignfull is-layout-constrained wp-container-core-group-is-layout-96e30fd9 wp-block-group-is-layout-constrained\" style=\"margin-top:10px;margin-bottom:10px;padding-right:50px;padding-left:50px\">\n<div class=\"wp-block-columns alignfull is-layout-flex wp-container-core-columns-is-layout-5327a6c6 wp-block-columns-is-layout-flex\" style=\"margin-top:0px;margin-bottom:0px;padding-right:60px;padding-left:60px\">\n<div class=\"wp-block-column is-layout-flow wp-container-core-column-is-layout-343acf9e wp-block-column-is-layout-flow\" style=\"flex-basis:50%\">\n<figure class=\"wp-block-image size-full\"><img loading=\"lazy\" decoding=\"async\" width=\"1707\" height=\"2560\" src=\"https:\/\/www.latelier-rlc.fr\/wp-content\/uploads\/2024\/07\/IMG_7162-scaled.jpg\" alt=\"\" class=\"wp-image-120\" style=\"aspect-ratio:4\/3;object-fit:cover\" srcset=\"https:\/\/www.latelier-rlc.fr\/wp-content\/uploads\/2024\/07\/IMG_7162-scaled.jpg 1707w, https:\/\/www.latelier-rlc.fr\/wp-content\/uploads\/2024\/07\/IMG_7162-200x300.jpg 200w, https:\/\/www.latelier-rlc.fr\/wp-content\/uploads\/2024\/07\/IMG_7162-683x1024.jpg 683w, https:\/\/www.latelier-rlc.fr\/wp-content\/uploads\/2024\/07\/IMG_7162-768x1152.jpg 768w, https:\/\/www.latelier-rlc.fr\/wp-content\/uploads\/2024\/07\/IMG_7162-1024x1536.jpg 1024w, https:\/\/www.latelier-rlc.fr\/wp-content\/uploads\/2024\/07\/IMG_7162-1365x2048.jpg 1365w\" sizes=\"auto, (max-width: 1707px) 100vw, 1707px\" \/><\/figure>\n<\/div>\n\n\n\n<div class=\"wp-block-column is-layout-flow wp-container-core-column-is-layout-343acf9e wp-block-column-is-layout-flow\" style=\"flex-basis:50%\">\n<figure class=\"wp-block-image size-full\"><img loading=\"lazy\" decoding=\"async\" width=\"2560\" height=\"1707\" src=\"https:\/\/www.latelier-rlc.fr\/wp-content\/uploads\/2024\/07\/IMG_7160-scaled.jpg\" alt=\"\" class=\"wp-image-121\" style=\"aspect-ratio:4\/3;object-fit:cover\" srcset=\"https:\/\/www.latelier-rlc.fr\/wp-content\/uploads\/2024\/07\/IMG_7160-scaled.jpg 2560w, https:\/\/www.latelier-rlc.fr\/wp-content\/uploads\/2024\/07\/IMG_7160-300x200.jpg 300w, https:\/\/www.latelier-rlc.fr\/wp-content\/uploads\/2024\/07\/IMG_7160-1024x683.jpg 1024w, https:\/\/www.latelier-rlc.fr\/wp-content\/uploads\/2024\/07\/IMG_7160-768x512.jpg 768w, https:\/\/www.latelier-rlc.fr\/wp-content\/uploads\/2024\/07\/IMG_7160-1536x1024.jpg 1536w, https:\/\/www.latelier-rlc.fr\/wp-content\/uploads\/2024\/07\/IMG_7160-2048x1365.jpg 2048w\" sizes=\"auto, (max-width: 2560px) 100vw, 2560px\" \/><\/figure>\n<\/div>\n<\/div>\n<\/div>\n\n\n\n<figure class=\"wp-block-image alignfull size-full\"><img loading=\"lazy\" decoding=\"async\" width=\"2560\" height=\"1296\" src=\"https:\/\/www.latelier-rlc.fr\/wp-content\/uploads\/2024\/07\/PLA-plan-scaled.jpg\" alt=\"\" class=\"wp-image-123\" srcset=\"https:\/\/www.latelier-rlc.fr\/wp-content\/uploads\/2024\/07\/PLA-plan-scaled.jpg 2560w, https:\/\/www.latelier-rlc.fr\/wp-content\/uploads\/2024\/07\/PLA-plan-300x152.jpg 300w, https:\/\/www.latelier-rlc.fr\/wp-content\/uploads\/2024\/07\/PLA-plan-1024x518.jpg 1024w, https:\/\/www.latelier-rlc.fr\/wp-content\/uploads\/2024\/07\/PLA-plan-768x389.jpg 768w, https:\/\/www.latelier-rlc.fr\/wp-content\/uploads\/2024\/07\/PLA-plan-1536x777.jpg 1536w, https:\/\/www.latelier-rlc.fr\/wp-content\/uploads\/2024\/07\/PLA-plan-2048x1037.jpg 2048w\" sizes=\"auto, (max-width: 2560px) 100vw, 2560px\" \/><\/figure>\n","protected":false},"excerpt":{"rendered":"<p>Transformation d&rsquo;une maison en locatif Ce projet consistait \u00e0 transformer une tr\u00e8s grande maison datant des ann\u00e9es 1950 en locatif \u00e0 l\u2019ann\u00e9e. Bien qu\u2019inoccup\u00e9e depuis plusieurs ann\u00e9es la maison \u00e9tait en bon \u00e9tat mais le syst\u00e8me de chauffage et l\u2019isolation \u00e9taient \u00e0 revoir. Ces travaux ont pu \u00eatre r\u00e9alis\u00e9 gr\u00e2ce \u00e0 l\u2019aide de l\u2019ANAH et [&hellip;]<\/p>\n","protected":false},"author":1,"featured_media":0,"parent":0,"menu_order":0,"comment_status":"closed","ping_status":"closed","template":"","meta":{"footnotes":""},"class_list":["post-117","page","type-page","status-publish","hentry"],"_links":{"self":[{"href":"https:\/\/www.latelier-rlc.fr\/index.php\/wp-json\/wp\/v2\/pages\/117","targetHints":{"allow":["GET"]}}],"collection":[{"href":"https:\/\/www.latelier-rlc.fr\/index.php\/wp-json\/wp\/v2\/pages"}],"about":[{"href":"https:\/\/www.latelier-rlc.fr\/index.php\/wp-json\/wp\/v2\/types\/page"}],"author":[{"embeddable":true,"href":"https:\/\/www.latelier-rlc.fr\/index.php\/wp-json\/wp\/v2\/users\/1"}],"replies":[{"embeddable":true,"href":"https:\/\/www.latelier-rlc.fr\/index.php\/wp-json\/wp\/v2\/comments?post=117"}],"version-history":[{"count":6,"href":"https:\/\/www.latelier-rlc.fr\/index.php\/wp-json\/wp\/v2\/pages\/117\/revisions"}],"predecessor-version":[{"id":242,"href":"https:\/\/www.latelier-rlc.fr\/index.php\/wp-json\/wp\/v2\/pages\/117\/revisions\/242"}],"wp:attachment":[{"href":"https:\/\/www.latelier-rlc.fr\/index.php\/wp-json\/wp\/v2\/media?parent=117"}],"curies":[{"name":"wp","href":"https:\/\/api.w.org\/{rel}","templated":true}]}}