{"id":125,"date":"2024-10-15T15:03:31","date_gmt":"2024-10-15T13:03:31","guid":{"rendered":"https:\/\/www.latelier-rlc.fr\/?page_id=125"},"modified":"2024-10-15T15:03:31","modified_gmt":"2024-10-15T13:03:31","slug":"salon-de-coiffure","status":"publish","type":"page","link":"https:\/\/www.latelier-rlc.fr\/index.php\/salon-de-coiffure\/","title":{"rendered":"Salon de coiffure"},"content":{"rendered":"\n<div class=\"wp-block-group alignfull is-layout-constrained wp-container-core-group-is-layout-56c63f98 wp-block-group-is-layout-constrained\" style=\"padding-top:4rem;padding-right:65px;padding-bottom:80px;padding-left:65px\">\n<div class=\"wp-block-columns alignfull is-layout-flex wp-container-core-columns-is-layout-430f08e6 wp-block-columns-is-layout-flex\">\n<div class=\"wp-block-column is-layout-flow wp-block-column-is-layout-flow\">\n<h3 class=\"wp-block-heading has-text-color\" style=\"color:#010101\">Transformation d&rsquo;un commerce existant en un salon de coiffure et un logement<\/h3>\n<\/div>\n\n\n\n<div class=\"wp-block-column is-layout-flow wp-container-core-column-is-layout-343acf9e wp-block-column-is-layout-flow\">\n<p style=\"font-size:16px;font-style:normal;font-weight:300;line-height:1.8\"><br>Le projet consistait \u00e0 transformer un ancien cabinet dentaire en un salon de coiffure et de cr\u00e9er un appartement ind\u00e9pendant. La volum\u00e9trie du b\u00e2timent n\u2019est pas touch\u00e9, une vitrine est cr\u00e9\u00e9e dans le pignon Ouest donnant une belle vue sur le port. Le logement est un T3 en duplex qui occupe les anciennes combles non am\u00e9nag\u00e9 de la maison et la partie Est du b\u00e2timent.<\/p>\n<\/div>\n<\/div>\n<\/div>\n\n\n\n<figure class=\"wp-block-image alignfull size-full\"><img loading=\"lazy\" decoding=\"async\" width=\"2560\" height=\"1707\" src=\"https:\/\/www.latelier-rlc.fr\/wp-content\/uploads\/2024\/07\/IMG_7164-1-scaled.jpg\" alt=\"\" class=\"wp-image-127\" srcset=\"https:\/\/www.latelier-rlc.fr\/wp-content\/uploads\/2024\/07\/IMG_7164-1-scaled.jpg 2560w, https:\/\/www.latelier-rlc.fr\/wp-content\/uploads\/2024\/07\/IMG_7164-1-300x200.jpg 300w, https:\/\/www.latelier-rlc.fr\/wp-content\/uploads\/2024\/07\/IMG_7164-1-1024x683.jpg 1024w, https:\/\/www.latelier-rlc.fr\/wp-content\/uploads\/2024\/07\/IMG_7164-1-768x512.jpg 768w, https:\/\/www.latelier-rlc.fr\/wp-content\/uploads\/2024\/07\/IMG_7164-1-1536x1024.jpg 1536w, https:\/\/www.latelier-rlc.fr\/wp-content\/uploads\/2024\/07\/IMG_7164-1-2048x1365.jpg 2048w\" sizes=\"auto, (max-width: 2560px) 100vw, 2560px\" \/><\/figure>\n\n\n\n<div class=\"wp-block-group alignfull is-layout-constrained wp-block-group-is-layout-constrained\">\n<figure class=\"wp-block-image alignfull size-full\"><img loading=\"lazy\" decoding=\"async\" width=\"836\" height=\"423\" src=\"https:\/\/www.latelier-rlc.fr\/wp-content\/uploads\/2024\/07\/GV2-plan-.jpg\" alt=\"\" class=\"wp-image-129\" srcset=\"https:\/\/www.latelier-rlc.fr\/wp-content\/uploads\/2024\/07\/GV2-plan-.jpg 836w, https:\/\/www.latelier-rlc.fr\/wp-content\/uploads\/2024\/07\/GV2-plan--300x152.jpg 300w, https:\/\/www.latelier-rlc.fr\/wp-content\/uploads\/2024\/07\/GV2-plan--768x389.jpg 768w\" sizes=\"auto, (max-width: 836px) 100vw, 836px\" \/><\/figure>\n<\/div>\n\n\n\n<div class=\"wp-block-group alignfull is-layout-constrained wp-container-core-group-is-layout-96e30fd9 wp-block-group-is-layout-constrained\" style=\"margin-top:10px;margin-bottom:10px;padding-right:50px;padding-left:50px\">\n<div class=\"wp-block-columns alignfull is-layout-flex wp-container-core-columns-is-layout-5327a6c6 wp-block-columns-is-layout-flex\" style=\"margin-top:0px;margin-bottom:0px;padding-right:60px;padding-left:60px\">\n<div class=\"wp-block-column is-layout-flow wp-container-core-column-is-layout-343acf9e wp-block-column-is-layout-flow\" style=\"flex-basis:50%\">\n<figure class=\"wp-block-image size-full\"><img loading=\"lazy\" decoding=\"async\" width=\"836\" height=\"423\" src=\"https:\/\/www.latelier-rlc.fr\/wp-content\/uploads\/2024\/07\/GV2-coupes.jpg\" alt=\"\" class=\"wp-image-131\" style=\"aspect-ratio:4\/3;object-fit:cover\" srcset=\"https:\/\/www.latelier-rlc.fr\/wp-content\/uploads\/2024\/07\/GV2-coupes.jpg 836w, https:\/\/www.latelier-rlc.fr\/wp-content\/uploads\/2024\/07\/GV2-coupes-300x152.jpg 300w, https:\/\/www.latelier-rlc.fr\/wp-content\/uploads\/2024\/07\/GV2-coupes-768x389.jpg 768w\" sizes=\"auto, (max-width: 836px) 100vw, 836px\" \/><\/figure>\n<\/div>\n\n\n\n<div class=\"wp-block-column is-layout-flow wp-container-core-column-is-layout-343acf9e wp-block-column-is-layout-flow\" style=\"flex-basis:50%\">\n<figure class=\"wp-block-image size-full\"><img loading=\"lazy\" decoding=\"async\" width=\"1680\" height=\"1050\" src=\"https:\/\/www.latelier-rlc.fr\/wp-content\/uploads\/2024\/07\/GV2-pers-.jpg\" alt=\"\" class=\"wp-image-130\" style=\"aspect-ratio:4\/3;object-fit:cover\" srcset=\"https:\/\/www.latelier-rlc.fr\/wp-content\/uploads\/2024\/07\/GV2-pers-.jpg 1680w, https:\/\/www.latelier-rlc.fr\/wp-content\/uploads\/2024\/07\/GV2-pers--300x188.jpg 300w, https:\/\/www.latelier-rlc.fr\/wp-content\/uploads\/2024\/07\/GV2-pers--1024x640.jpg 1024w, https:\/\/www.latelier-rlc.fr\/wp-content\/uploads\/2024\/07\/GV2-pers--768x480.jpg 768w, https:\/\/www.latelier-rlc.fr\/wp-content\/uploads\/2024\/07\/GV2-pers--1536x960.jpg 1536w\" sizes=\"auto, (max-width: 1680px) 100vw, 1680px\" \/><\/figure>\n<\/div>\n<\/div>\n<\/div>\n\n\n\n<div class=\"wp-block-group alignfull is-layout-constrained wp-container-core-group-is-layout-96e30fd9 wp-block-group-is-layout-constrained\" style=\"margin-top:10px;margin-bottom:10px;padding-right:50px;padding-left:50px\">\n<div class=\"wp-block-columns alignfull is-layout-flex wp-container-core-columns-is-layout-5327a6c6 wp-block-columns-is-layout-flex\" style=\"margin-top:0px;margin-bottom:0px;padding-right:60px;padding-left:60px\">\n<div class=\"wp-block-column is-layout-flow wp-container-core-column-is-layout-343acf9e wp-block-column-is-layout-flow\" style=\"flex-basis:50%\"><\/div>\n\n\n\n<div class=\"wp-block-column is-layout-flow wp-container-core-column-is-layout-343acf9e wp-block-column-is-layout-flow\" style=\"flex-basis:50%\"><\/div>\n<\/div>\n<\/div>\n\n\n\n<p><\/p>\n","protected":false},"excerpt":{"rendered":"<p>Transformation d&rsquo;un commerce existant en un salon de coiffure et un logement Le projet consistait \u00e0 transformer un ancien cabinet dentaire en un salon de coiffure et de cr\u00e9er un appartement ind\u00e9pendant. La volum\u00e9trie du b\u00e2timent n\u2019est pas touch\u00e9, une vitrine est cr\u00e9\u00e9e dans le pignon Ouest donnant une belle vue sur le port. Le [&hellip;]<\/p>\n","protected":false},"author":1,"featured_media":0,"parent":0,"menu_order":0,"comment_status":"closed","ping_status":"closed","template":"","meta":{"footnotes":""},"class_list":["post-125","page","type-page","status-publish","hentry"],"_links":{"self":[{"href":"https:\/\/www.latelier-rlc.fr\/index.php\/wp-json\/wp\/v2\/pages\/125","targetHints":{"allow":["GET"]}}],"collection":[{"href":"https:\/\/www.latelier-rlc.fr\/index.php\/wp-json\/wp\/v2\/pages"}],"about":[{"href":"https:\/\/www.latelier-rlc.fr\/index.php\/wp-json\/wp\/v2\/types\/page"}],"author":[{"embeddable":true,"href":"https:\/\/www.latelier-rlc.fr\/index.php\/wp-json\/wp\/v2\/users\/1"}],"replies":[{"embeddable":true,"href":"https:\/\/www.latelier-rlc.fr\/index.php\/wp-json\/wp\/v2\/comments?post=125"}],"version-history":[{"count":4,"href":"https:\/\/www.latelier-rlc.fr\/index.php\/wp-json\/wp\/v2\/pages\/125\/revisions"}],"predecessor-version":[{"id":207,"href":"https:\/\/www.latelier-rlc.fr\/index.php\/wp-json\/wp\/v2\/pages\/125\/revisions\/207"}],"wp:attachment":[{"href":"https:\/\/www.latelier-rlc.fr\/index.php\/wp-json\/wp\/v2\/media?parent=125"}],"curies":[{"name":"wp","href":"https:\/\/api.w.org\/{rel}","templated":true}]}}