{"id":153,"date":"2024-10-15T15:00:42","date_gmt":"2024-10-15T13:00:42","guid":{"rendered":"https:\/\/www.latelier-rlc.fr\/?page_id=153"},"modified":"2024-10-29T15:41:28","modified_gmt":"2024-10-29T14:41:28","slug":"maison-penmarch","status":"publish","type":"page","link":"https:\/\/www.latelier-rlc.fr\/index.php\/maison-penmarch\/","title":{"rendered":"Maison Penmarc&rsquo;h"},"content":{"rendered":"\n<div class=\"wp-block-group is-layout-constrained wp-container-core-group-is-layout-56c63f98 wp-block-group-is-layout-constrained\" style=\"padding-top:4rem;padding-right:65px;padding-bottom:80px;padding-left:65px\">\n<div class=\"wp-block-columns alignfull is-layout-flex wp-container-core-columns-is-layout-430f08e6 wp-block-columns-is-layout-flex\">\n<div class=\"wp-block-column is-layout-flow wp-block-column-is-layout-flow\">\n<h3 class=\"wp-block-heading has-text-color\" style=\"color:#010101\">Maison familiale \u00e0 Penmarc&rsquo;h<\/h3>\n<\/div>\n\n\n\n<div class=\"wp-block-column is-layout-flow wp-container-core-column-is-layout-343acf9e wp-block-column-is-layout-flow\">\n<p style=\"font-size:16px;font-style:normal;font-weight:300;line-height:1.8\"><br>Nos clients \u00e9taient propri\u00e9taires d\u2019un terrain \u00e0 l\u2019or\u00e9e du bourg de Penmarc\u2019h et souhaitaient construire une maison pour leurs retraites. Nous leur avons propos\u00e9 une maison compacte de volum\u00e9trie traditionnelle bretonne avec des murs en enduit et des toitures ardoises. Le volume principal abrite les espaces de vie au rez de chauss\u00e9e et deux chambres \u00e0 l\u2019\u00e9tage avec une avanc\u00e9e en appentis au sud. L\u2019espace chambre parentale est dans le petit volume ouest.<\/p>\n<\/div>\n<\/div>\n<\/div>\n\n\n\n<figure class=\"wp-block-image alignfull size-full\"><img loading=\"lazy\" decoding=\"async\" width=\"1600\" height=\"1200\" src=\"https:\/\/www.latelier-rlc.fr\/wp-content\/uploads\/2024\/07\/244846459168405906-1.jpg\" alt=\"\" class=\"wp-image-155\" srcset=\"https:\/\/www.latelier-rlc.fr\/wp-content\/uploads\/2024\/07\/244846459168405906-1.jpg 1600w, https:\/\/www.latelier-rlc.fr\/wp-content\/uploads\/2024\/07\/244846459168405906-1-300x225.jpg 300w, https:\/\/www.latelier-rlc.fr\/wp-content\/uploads\/2024\/07\/244846459168405906-1-1024x768.jpg 1024w, https:\/\/www.latelier-rlc.fr\/wp-content\/uploads\/2024\/07\/244846459168405906-1-768x576.jpg 768w, https:\/\/www.latelier-rlc.fr\/wp-content\/uploads\/2024\/07\/244846459168405906-1-1536x1152.jpg 1536w\" sizes=\"auto, (max-width: 1600px) 100vw, 1600px\" \/><\/figure>\n\n\n\n<div class=\"wp-block-group alignfull is-layout-constrained wp-block-group-is-layout-constrained\">\n<figure class=\"wp-block-image alignfull size-full\"><img loading=\"lazy\" decoding=\"async\" width=\"1680\" height=\"1050\" src=\"https:\/\/www.latelier-rlc.fr\/wp-content\/uploads\/2024\/07\/PH-pers.jpg\" alt=\"\" class=\"wp-image-156\" srcset=\"https:\/\/www.latelier-rlc.fr\/wp-content\/uploads\/2024\/07\/PH-pers.jpg 1680w, https:\/\/www.latelier-rlc.fr\/wp-content\/uploads\/2024\/07\/PH-pers-300x188.jpg 300w, https:\/\/www.latelier-rlc.fr\/wp-content\/uploads\/2024\/07\/PH-pers-1024x640.jpg 1024w, https:\/\/www.latelier-rlc.fr\/wp-content\/uploads\/2024\/07\/PH-pers-768x480.jpg 768w, https:\/\/www.latelier-rlc.fr\/wp-content\/uploads\/2024\/07\/PH-pers-1536x960.jpg 1536w\" sizes=\"auto, (max-width: 1680px) 100vw, 1680px\" \/><\/figure>\n<\/div>\n\n\n\n<div class=\"wp-block-group alignfull is-layout-constrained wp-container-core-group-is-layout-96e30fd9 wp-block-group-is-layout-constrained\" style=\"margin-top:10px;margin-bottom:10px;padding-right:50px;padding-left:50px\">\n<div class=\"wp-block-columns alignfull is-layout-flex wp-container-core-columns-is-layout-5327a6c6 wp-block-columns-is-layout-flex\" style=\"margin-top:0px;margin-bottom:0px;padding-right:60px;padding-left:60px\">\n<div class=\"wp-block-column is-layout-flow wp-container-core-column-is-layout-343acf9e wp-block-column-is-layout-flow\" style=\"flex-basis:50%\">\n<figure class=\"wp-block-image size-full\"><img loading=\"lazy\" decoding=\"async\" width=\"1356\" height=\"1062\" src=\"https:\/\/www.latelier-rlc.fr\/wp-content\/uploads\/2024\/07\/PH-plan-1.jpg\" alt=\"\" class=\"wp-image-159\" style=\"aspect-ratio:4\/3;object-fit:cover\" srcset=\"https:\/\/www.latelier-rlc.fr\/wp-content\/uploads\/2024\/07\/PH-plan-1.jpg 1356w, https:\/\/www.latelier-rlc.fr\/wp-content\/uploads\/2024\/07\/PH-plan-1-300x235.jpg 300w, https:\/\/www.latelier-rlc.fr\/wp-content\/uploads\/2024\/07\/PH-plan-1-1024x802.jpg 1024w, https:\/\/www.latelier-rlc.fr\/wp-content\/uploads\/2024\/07\/PH-plan-1-768x601.jpg 768w\" sizes=\"auto, (max-width: 1356px) 100vw, 1356px\" \/><\/figure>\n<\/div>\n\n\n\n<div class=\"wp-block-column is-layout-flow wp-container-core-column-is-layout-343acf9e wp-block-column-is-layout-flow\" style=\"flex-basis:50%\">\n<figure class=\"wp-block-image size-full\"><img loading=\"lazy\" decoding=\"async\" width=\"1331\" height=\"826\" src=\"https:\/\/www.latelier-rlc.fr\/wp-content\/uploads\/2024\/07\/PH-coupe-1.jpg\" alt=\"\" class=\"wp-image-160\" style=\"aspect-ratio:4\/3;object-fit:cover\" srcset=\"https:\/\/www.latelier-rlc.fr\/wp-content\/uploads\/2024\/07\/PH-coupe-1.jpg 1331w, https:\/\/www.latelier-rlc.fr\/wp-content\/uploads\/2024\/07\/PH-coupe-1-300x186.jpg 300w, https:\/\/www.latelier-rlc.fr\/wp-content\/uploads\/2024\/07\/PH-coupe-1-1024x635.jpg 1024w, https:\/\/www.latelier-rlc.fr\/wp-content\/uploads\/2024\/07\/PH-coupe-1-768x477.jpg 768w\" sizes=\"auto, (max-width: 1331px) 100vw, 1331px\" \/><\/figure>\n<\/div>\n<\/div>\n<\/div>\n\n\n\n<div class=\"wp-block-group alignfull is-layout-constrained wp-container-core-group-is-layout-96e30fd9 wp-block-group-is-layout-constrained\" style=\"margin-top:10px;margin-bottom:10px;padding-right:50px;padding-left:50px\">\n<div class=\"wp-block-columns alignfull is-layout-flex wp-container-core-columns-is-layout-5327a6c6 wp-block-columns-is-layout-flex\" style=\"margin-top:0px;margin-bottom:0px;padding-right:60px;padding-left:60px\">\n<div class=\"wp-block-column is-layout-flow wp-container-core-column-is-layout-343acf9e wp-block-column-is-layout-flow\" style=\"flex-basis:50%\"><\/div>\n\n\n\n<div class=\"wp-block-column is-layout-flow wp-container-core-column-is-layout-343acf9e wp-block-column-is-layout-flow\" style=\"flex-basis:50%\"><\/div>\n<\/div>\n<\/div>\n\n\n\n<p><\/p>\n","protected":false},"excerpt":{"rendered":"<p>Maison familiale \u00e0 Penmarc&rsquo;h Nos clients \u00e9taient propri\u00e9taires d\u2019un terrain \u00e0 l\u2019or\u00e9e du bourg de Penmarc\u2019h et souhaitaient construire une maison pour leurs retraites. Nous leur avons propos\u00e9 une maison compacte de volum\u00e9trie traditionnelle bretonne avec des murs en enduit et des toitures ardoises. Le volume principal abrite les espaces de vie au rez de [&hellip;]<\/p>\n","protected":false},"author":1,"featured_media":0,"parent":0,"menu_order":0,"comment_status":"closed","ping_status":"closed","template":"","meta":{"footnotes":""},"class_list":["post-153","page","type-page","status-publish","hentry"],"_links":{"self":[{"href":"https:\/\/www.latelier-rlc.fr\/index.php\/wp-json\/wp\/v2\/pages\/153","targetHints":{"allow":["GET"]}}],"collection":[{"href":"https:\/\/www.latelier-rlc.fr\/index.php\/wp-json\/wp\/v2\/pages"}],"about":[{"href":"https:\/\/www.latelier-rlc.fr\/index.php\/wp-json\/wp\/v2\/types\/page"}],"author":[{"embeddable":true,"href":"https:\/\/www.latelier-rlc.fr\/index.php\/wp-json\/wp\/v2\/users\/1"}],"replies":[{"embeddable":true,"href":"https:\/\/www.latelier-rlc.fr\/index.php\/wp-json\/wp\/v2\/comments?post=153"}],"version-history":[{"count":4,"href":"https:\/\/www.latelier-rlc.fr\/index.php\/wp-json\/wp\/v2\/pages\/153\/revisions"}],"predecessor-version":[{"id":240,"href":"https:\/\/www.latelier-rlc.fr\/index.php\/wp-json\/wp\/v2\/pages\/153\/revisions\/240"}],"wp:attachment":[{"href":"https:\/\/www.latelier-rlc.fr\/index.php\/wp-json\/wp\/v2\/media?parent=153"}],"curies":[{"name":"wp","href":"https:\/\/api.w.org\/{rel}","templated":true}]}}