{"id":22,"date":"2024-07-12T14:21:59","date_gmt":"2024-07-12T12:21:59","guid":{"rendered":"https:\/\/www.latelier-rlc.fr\/?page_id=22"},"modified":"2024-10-15T15:01:09","modified_gmt":"2024-10-15T13:01:09","slug":"maison-individuelle","status":"publish","type":"page","link":"https:\/\/www.latelier-rlc.fr\/index.php\/maison-individuelle\/","title":{"rendered":"Maison individuelle"},"content":{"rendered":"\n<div class=\"wp-block-group alignwide is-layout-constrained wp-container-core-group-is-layout-56c63f98 wp-block-group-is-layout-constrained\" style=\"padding-top:4rem;padding-right:65px;padding-bottom:80px;padding-left:65px\">\n<div class=\"wp-block-columns alignfull is-layout-flex wp-container-core-columns-is-layout-430f08e6 wp-block-columns-is-layout-flex\">\n<div class=\"wp-block-column is-layout-flow wp-block-column-is-layout-flow\">\n<h3 class=\"wp-block-heading has-text-color\" style=\"color:#010101\">Maison familiale \u00e0 Pont L&rsquo;Abb\u00e9<\/h3>\n<\/div>\n\n\n\n<div class=\"wp-block-column is-layout-flow wp-container-core-column-is-layout-343acf9e wp-block-column-is-layout-flow\">\n<p style=\"font-size:16px;font-style:normal;font-weight:300;line-height:1.8\">Nos clients souhaitaient construire une maison de ville pour leur retraite sur un terrain en second rideau de la rue. Nous avons imagin\u00e9s une maison spacieuse et facile \u00e0 vivre avec toutes les pi\u00e8ces de vie au rez de chauss\u00e9e. Une chambre d\u2019ami et une mezzanine occupent l\u2019\u00e9tage.<\/p>\n\n\n\n<p style=\"font-size:16px;font-style:normal;font-weight:300;line-height:1.8\">La maison est orient\u00e9e vers le sud est avec de g\u00e9n\u00e9reuses ouvertures pour b\u00e9n\u00e9ficier de belles lumi\u00e8res dans toute les pi\u00e8ces. Le large d\u00e9bord de toiture devant la cuisine permet de profiter de la terrasse en toute saison tout en limitant la surexposition au soleil pendant l\u2019\u00e9t\u00e9.<\/p>\n<\/div>\n<\/div>\n<\/div>\n\n\n\n<figure class=\"wp-block-image alignfull size-full\"><img loading=\"lazy\" decoding=\"async\" width=\"2560\" height=\"1707\" src=\"https:\/\/www.latelier-rlc.fr\/wp-content\/uploads\/2024\/06\/IMG_7150-scaled.jpg\" alt=\"\" class=\"wp-image-23\" srcset=\"https:\/\/www.latelier-rlc.fr\/wp-content\/uploads\/2024\/06\/IMG_7150-scaled.jpg 2560w, https:\/\/www.latelier-rlc.fr\/wp-content\/uploads\/2024\/06\/IMG_7150-300x200.jpg 300w, https:\/\/www.latelier-rlc.fr\/wp-content\/uploads\/2024\/06\/IMG_7150-1024x683.jpg 1024w, https:\/\/www.latelier-rlc.fr\/wp-content\/uploads\/2024\/06\/IMG_7150-768x512.jpg 768w, https:\/\/www.latelier-rlc.fr\/wp-content\/uploads\/2024\/06\/IMG_7150-1536x1024.jpg 1536w, https:\/\/www.latelier-rlc.fr\/wp-content\/uploads\/2024\/06\/IMG_7150-2048x1365.jpg 2048w\" sizes=\"auto, (max-width: 2560px) 100vw, 2560px\" \/><\/figure>\n\n\n\n<div class=\"wp-block-group alignfull is-layout-constrained wp-block-group-is-layout-constrained\">\n<figure class=\"wp-block-image alignfull size-full\"><img loading=\"lazy\" decoding=\"async\" width=\"2560\" height=\"1707\" src=\"https:\/\/www.latelier-rlc.fr\/wp-content\/uploads\/2024\/06\/IMG_7154-scaled.jpg\" alt=\"\" class=\"wp-image-24\" srcset=\"https:\/\/www.latelier-rlc.fr\/wp-content\/uploads\/2024\/06\/IMG_7154-scaled.jpg 2560w, https:\/\/www.latelier-rlc.fr\/wp-content\/uploads\/2024\/06\/IMG_7154-300x200.jpg 300w, https:\/\/www.latelier-rlc.fr\/wp-content\/uploads\/2024\/06\/IMG_7154-1024x683.jpg 1024w, https:\/\/www.latelier-rlc.fr\/wp-content\/uploads\/2024\/06\/IMG_7154-768x512.jpg 768w, https:\/\/www.latelier-rlc.fr\/wp-content\/uploads\/2024\/06\/IMG_7154-1536x1024.jpg 1536w, https:\/\/www.latelier-rlc.fr\/wp-content\/uploads\/2024\/06\/IMG_7154-2048x1365.jpg 2048w\" sizes=\"auto, (max-width: 2560px) 100vw, 2560px\" \/><\/figure>\n<\/div>\n\n\n\n<div class=\"wp-block-group alignfull is-layout-constrained wp-container-core-group-is-layout-96e30fd9 wp-block-group-is-layout-constrained\" style=\"margin-top:10px;margin-bottom:10px;padding-right:50px;padding-left:50px\">\n<div class=\"wp-block-columns alignfull is-layout-flex wp-container-core-columns-is-layout-5327a6c6 wp-block-columns-is-layout-flex\" style=\"margin-top:0px;margin-bottom:0px;padding-right:60px;padding-left:60px\">\n<div class=\"wp-block-column is-layout-flow wp-container-core-column-is-layout-343acf9e wp-block-column-is-layout-flow\" style=\"flex-basis:50%\">\n<figure class=\"wp-block-image size-full\"><img loading=\"lazy\" decoding=\"async\" width=\"1707\" height=\"2560\" src=\"https:\/\/www.latelier-rlc.fr\/wp-content\/uploads\/2024\/06\/IMG_7153-scaled.jpg\" alt=\"\" class=\"wp-image-26\" style=\"aspect-ratio:4\/3;object-fit:cover\" srcset=\"https:\/\/www.latelier-rlc.fr\/wp-content\/uploads\/2024\/06\/IMG_7153-scaled.jpg 1707w, https:\/\/www.latelier-rlc.fr\/wp-content\/uploads\/2024\/06\/IMG_7153-200x300.jpg 200w, https:\/\/www.latelier-rlc.fr\/wp-content\/uploads\/2024\/06\/IMG_7153-683x1024.jpg 683w, https:\/\/www.latelier-rlc.fr\/wp-content\/uploads\/2024\/06\/IMG_7153-768x1152.jpg 768w, https:\/\/www.latelier-rlc.fr\/wp-content\/uploads\/2024\/06\/IMG_7153-1024x1536.jpg 1024w, https:\/\/www.latelier-rlc.fr\/wp-content\/uploads\/2024\/06\/IMG_7153-1365x2048.jpg 1365w\" sizes=\"auto, (max-width: 1707px) 100vw, 1707px\" \/><\/figure>\n<\/div>\n\n\n\n<div class=\"wp-block-column is-layout-flow wp-container-core-column-is-layout-343acf9e wp-block-column-is-layout-flow\" style=\"flex-basis:50%\">\n<figure class=\"wp-block-image size-full\"><img loading=\"lazy\" decoding=\"async\" width=\"2504\" height=\"1266\" src=\"https:\/\/www.latelier-rlc.fr\/wp-content\/uploads\/2024\/06\/GG-coupe-1.jpg\" alt=\"\" class=\"wp-image-32\" style=\"aspect-ratio:4\/3;object-fit:cover\" srcset=\"https:\/\/www.latelier-rlc.fr\/wp-content\/uploads\/2024\/06\/GG-coupe-1.jpg 2504w, https:\/\/www.latelier-rlc.fr\/wp-content\/uploads\/2024\/06\/GG-coupe-1-300x152.jpg 300w, https:\/\/www.latelier-rlc.fr\/wp-content\/uploads\/2024\/06\/GG-coupe-1-1024x518.jpg 1024w, https:\/\/www.latelier-rlc.fr\/wp-content\/uploads\/2024\/06\/GG-coupe-1-768x388.jpg 768w, https:\/\/www.latelier-rlc.fr\/wp-content\/uploads\/2024\/06\/GG-coupe-1-1536x777.jpg 1536w, https:\/\/www.latelier-rlc.fr\/wp-content\/uploads\/2024\/06\/GG-coupe-1-2048x1035.jpg 2048w\" sizes=\"auto, (max-width: 2504px) 100vw, 2504px\" \/><\/figure>\n<\/div>\n<\/div>\n<\/div>\n\n\n\n<figure class=\"wp-block-image alignfull size-full\"><img loading=\"lazy\" decoding=\"async\" width=\"2216\" height=\"1121\" src=\"https:\/\/www.latelier-rlc.fr\/wp-content\/uploads\/2024\/06\/GG-rdc.jpg\" alt=\"\" class=\"wp-image-34\" srcset=\"https:\/\/www.latelier-rlc.fr\/wp-content\/uploads\/2024\/06\/GG-rdc.jpg 2216w, https:\/\/www.latelier-rlc.fr\/wp-content\/uploads\/2024\/06\/GG-rdc-300x152.jpg 300w, https:\/\/www.latelier-rlc.fr\/wp-content\/uploads\/2024\/06\/GG-rdc-1024x518.jpg 1024w, https:\/\/www.latelier-rlc.fr\/wp-content\/uploads\/2024\/06\/GG-rdc-768x389.jpg 768w, https:\/\/www.latelier-rlc.fr\/wp-content\/uploads\/2024\/06\/GG-rdc-1536x777.jpg 1536w, https:\/\/www.latelier-rlc.fr\/wp-content\/uploads\/2024\/06\/GG-rdc-2048x1036.jpg 2048w\" sizes=\"auto, (max-width: 2216px) 100vw, 2216px\" \/><\/figure>\n\n\n\n<div class=\"wp-block-columns alignfull is-layout-flex wp-container-core-columns-is-layout-5327a6c6 wp-block-columns-is-layout-flex\" style=\"margin-top:0px;margin-bottom:0px;padding-right:60px;padding-left:60px\">\n<div class=\"wp-block-column is-layout-flow wp-container-core-column-is-layout-343acf9e wp-block-column-is-layout-flow\" style=\"flex-basis:50%\">\n<figure class=\"wp-block-image size-full\"><img loading=\"lazy\" decoding=\"async\" width=\"1707\" height=\"2560\" src=\"https:\/\/www.latelier-rlc.fr\/wp-content\/uploads\/2024\/07\/IMG_7151-scaled.jpg\" alt=\"\" class=\"wp-image-172\" style=\"aspect-ratio:4\/3;object-fit:cover\" srcset=\"https:\/\/www.latelier-rlc.fr\/wp-content\/uploads\/2024\/07\/IMG_7151-scaled.jpg 1707w, https:\/\/www.latelier-rlc.fr\/wp-content\/uploads\/2024\/07\/IMG_7151-200x300.jpg 200w, https:\/\/www.latelier-rlc.fr\/wp-content\/uploads\/2024\/07\/IMG_7151-683x1024.jpg 683w, https:\/\/www.latelier-rlc.fr\/wp-content\/uploads\/2024\/07\/IMG_7151-768x1152.jpg 768w, https:\/\/www.latelier-rlc.fr\/wp-content\/uploads\/2024\/07\/IMG_7151-1024x1536.jpg 1024w, https:\/\/www.latelier-rlc.fr\/wp-content\/uploads\/2024\/07\/IMG_7151-1365x2048.jpg 1365w\" sizes=\"auto, (max-width: 1707px) 100vw, 1707px\" \/><\/figure>\n<\/div>\n\n\n\n<div class=\"wp-block-column is-layout-flow wp-container-core-column-is-layout-343acf9e wp-block-column-is-layout-flow\" style=\"flex-basis:50%\">\n<figure class=\"wp-block-image size-full\"><img loading=\"lazy\" decoding=\"async\" width=\"2560\" height=\"1707\" src=\"https:\/\/www.latelier-rlc.fr\/wp-content\/uploads\/2024\/07\/IMG_7157-scaled.jpg\" alt=\"\" class=\"wp-image-171\" style=\"aspect-ratio:4\/3;object-fit:cover\" srcset=\"https:\/\/www.latelier-rlc.fr\/wp-content\/uploads\/2024\/07\/IMG_7157-scaled.jpg 2560w, https:\/\/www.latelier-rlc.fr\/wp-content\/uploads\/2024\/07\/IMG_7157-300x200.jpg 300w, https:\/\/www.latelier-rlc.fr\/wp-content\/uploads\/2024\/07\/IMG_7157-1024x683.jpg 1024w, https:\/\/www.latelier-rlc.fr\/wp-content\/uploads\/2024\/07\/IMG_7157-768x512.jpg 768w, https:\/\/www.latelier-rlc.fr\/wp-content\/uploads\/2024\/07\/IMG_7157-1536x1024.jpg 1536w, https:\/\/www.latelier-rlc.fr\/wp-content\/uploads\/2024\/07\/IMG_7157-2048x1365.jpg 2048w\" sizes=\"auto, (max-width: 2560px) 100vw, 2560px\" \/><\/figure>\n<\/div>\n<\/div>\n\n\n\n<p><\/p>\n","protected":false},"excerpt":{"rendered":"<p>Maison familiale \u00e0 Pont L&rsquo;Abb\u00e9 Nos clients souhaitaient construire une maison de ville pour leur retraite sur un terrain en second rideau de la rue. Nous avons imagin\u00e9s une maison spacieuse et facile \u00e0 vivre avec toutes les pi\u00e8ces de vie au rez de chauss\u00e9e. Une chambre d\u2019ami et une mezzanine occupent l\u2019\u00e9tage. La maison [&hellip;]<\/p>\n","protected":false},"author":1,"featured_media":0,"parent":0,"menu_order":0,"comment_status":"closed","ping_status":"closed","template":"","meta":{"footnotes":""},"class_list":["post-22","page","type-page","status-publish","hentry"],"_links":{"self":[{"href":"https:\/\/www.latelier-rlc.fr\/index.php\/wp-json\/wp\/v2\/pages\/22","targetHints":{"allow":["GET"]}}],"collection":[{"href":"https:\/\/www.latelier-rlc.fr\/index.php\/wp-json\/wp\/v2\/pages"}],"about":[{"href":"https:\/\/www.latelier-rlc.fr\/index.php\/wp-json\/wp\/v2\/types\/page"}],"author":[{"embeddable":true,"href":"https:\/\/www.latelier-rlc.fr\/index.php\/wp-json\/wp\/v2\/users\/1"}],"replies":[{"embeddable":true,"href":"https:\/\/www.latelier-rlc.fr\/index.php\/wp-json\/wp\/v2\/comments?post=22"}],"version-history":[{"count":9,"href":"https:\/\/www.latelier-rlc.fr\/index.php\/wp-json\/wp\/v2\/pages\/22\/revisions"}],"predecessor-version":[{"id":201,"href":"https:\/\/www.latelier-rlc.fr\/index.php\/wp-json\/wp\/v2\/pages\/22\/revisions\/201"}],"wp:attachment":[{"href":"https:\/\/www.latelier-rlc.fr\/index.php\/wp-json\/wp\/v2\/media?parent=22"}],"curies":[{"name":"wp","href":"https:\/\/api.w.org\/{rel}","templated":true}]}}