{"id":220,"date":"2024-10-15T15:21:41","date_gmt":"2024-10-15T13:21:41","guid":{"rendered":"https:\/\/www.latelier-rlc.fr\/?page_id=220"},"modified":"2024-10-15T15:26:47","modified_gmt":"2024-10-15T13:26:47","slug":"renovation-st-jean","status":"publish","type":"page","link":"https:\/\/www.latelier-rlc.fr\/index.php\/renovation-st-jean\/","title":{"rendered":"R\u00e9novation St Jean"},"content":{"rendered":"\n<div class=\"wp-block-group alignwide is-layout-constrained wp-container-core-group-is-layout-56c63f98 wp-block-group-is-layout-constrained\" style=\"padding-top:4rem;padding-right:65px;padding-bottom:80px;padding-left:65px\">\n<div class=\"wp-block-columns alignfull is-layout-flex wp-container-core-columns-is-layout-430f08e6 wp-block-columns-is-layout-flex\">\n<div class=\"wp-block-column is-layout-flow wp-block-column-is-layout-flow\">\n<h3 class=\"wp-block-heading has-text-color\" style=\"color:#010101\">R\u00e9novation d&rsquo;une long\u00e8re \u00e0 St Jean Trolimon<\/h3>\n<\/div>\n\n\n\n<div class=\"wp-block-column is-layout-flow wp-container-core-column-is-layout-343acf9e wp-block-column-is-layout-flow\">\n<p style=\"font-size:16px;font-style:normal;font-weight:300;line-height:1.8\">Notre client souhaitait transformer un ancien corps de ferme en deux logements ind\u00e9pendants. La partie habitation de cette ancienne long\u00e8re avais \u00e9t\u00e9 partiellement restaur\u00e9e il y a quelques ann\u00e9es, le projet consistait \u00e0 moderniser l\u2019am\u00e9nagement de la maison et \u00e0 transformer la grange en habitation. Le syst\u00e8me de chauffage et l\u2019isolation ont \u00e9galement \u00e9t\u00e9 enti\u00e8rement revus.<\/p>\n\n\n\n<p style=\"font-size:16px;font-style:normal;font-weight:300;line-height:1.8\">Nous avons conserv\u00e9s les fa\u00e7ades existantes cot\u00e9 cour pour conserver l\u2019esprit du corps de ferme et nous avons cr\u00e9e de larges baies \u00e0 l\u2019ouest de la maison principale. La tour \u00e0 l\u2019ouest abrite l\u2019escalier et un salon avec vue sur la baie d\u2019Audierne.<\/p>\n<\/div>\n<\/div>\n<\/div>\n\n\n\n<figure class=\"wp-block-image alignfull size-full\"><img loading=\"lazy\" decoding=\"async\" width=\"2560\" height=\"1920\" src=\"https:\/\/www.latelier-rlc.fr\/wp-content\/uploads\/2024\/10\/20210430_145452-scaled.jpg\" alt=\"\" class=\"wp-image-222\" srcset=\"https:\/\/www.latelier-rlc.fr\/wp-content\/uploads\/2024\/10\/20210430_145452-scaled.jpg 2560w, https:\/\/www.latelier-rlc.fr\/wp-content\/uploads\/2024\/10\/20210430_145452-300x225.jpg 300w, https:\/\/www.latelier-rlc.fr\/wp-content\/uploads\/2024\/10\/20210430_145452-1024x768.jpg 1024w, https:\/\/www.latelier-rlc.fr\/wp-content\/uploads\/2024\/10\/20210430_145452-768x576.jpg 768w, https:\/\/www.latelier-rlc.fr\/wp-content\/uploads\/2024\/10\/20210430_145452-1536x1152.jpg 1536w, https:\/\/www.latelier-rlc.fr\/wp-content\/uploads\/2024\/10\/20210430_145452-2048x1536.jpg 2048w\" sizes=\"auto, (max-width: 2560px) 100vw, 2560px\" \/><\/figure>\n\n\n\n<figure class=\"wp-block-image alignfull size-full\"><img loading=\"lazy\" decoding=\"async\" width=\"1680\" height=\"1050\" src=\"https:\/\/www.latelier-rlc.fr\/wp-content\/uploads\/2024\/10\/PLN-pers.jpg\" alt=\"\" class=\"wp-image-223\" srcset=\"https:\/\/www.latelier-rlc.fr\/wp-content\/uploads\/2024\/10\/PLN-pers.jpg 1680w, https:\/\/www.latelier-rlc.fr\/wp-content\/uploads\/2024\/10\/PLN-pers-300x188.jpg 300w, https:\/\/www.latelier-rlc.fr\/wp-content\/uploads\/2024\/10\/PLN-pers-1024x640.jpg 1024w, https:\/\/www.latelier-rlc.fr\/wp-content\/uploads\/2024\/10\/PLN-pers-768x480.jpg 768w, https:\/\/www.latelier-rlc.fr\/wp-content\/uploads\/2024\/10\/PLN-pers-1536x960.jpg 1536w\" sizes=\"auto, (max-width: 1680px) 100vw, 1680px\" \/><\/figure>\n\n\n\n<div class=\"wp-block-columns alignfull is-layout-flex wp-container-core-columns-is-layout-5327a6c6 wp-block-columns-is-layout-flex\" style=\"margin-top:0px;margin-bottom:0px;padding-right:60px;padding-left:60px\">\n<div class=\"wp-block-column is-layout-flow wp-container-core-column-is-layout-343acf9e wp-block-column-is-layout-flow\" style=\"flex-basis:50%\">\n<figure class=\"wp-block-image size-full\"><img loading=\"lazy\" decoding=\"async\" width=\"1680\" height=\"1050\" src=\"https:\/\/www.latelier-rlc.fr\/wp-content\/uploads\/2024\/10\/PLN-pers-2.jpg\" alt=\"\" class=\"wp-image-224\" style=\"aspect-ratio:4\/3;object-fit:cover\" srcset=\"https:\/\/www.latelier-rlc.fr\/wp-content\/uploads\/2024\/10\/PLN-pers-2.jpg 1680w, https:\/\/www.latelier-rlc.fr\/wp-content\/uploads\/2024\/10\/PLN-pers-2-300x188.jpg 300w, https:\/\/www.latelier-rlc.fr\/wp-content\/uploads\/2024\/10\/PLN-pers-2-1024x640.jpg 1024w, https:\/\/www.latelier-rlc.fr\/wp-content\/uploads\/2024\/10\/PLN-pers-2-768x480.jpg 768w, https:\/\/www.latelier-rlc.fr\/wp-content\/uploads\/2024\/10\/PLN-pers-2-1536x960.jpg 1536w\" sizes=\"auto, (max-width: 1680px) 100vw, 1680px\" \/><\/figure>\n<\/div>\n\n\n\n<div class=\"wp-block-column is-layout-flow wp-container-core-column-is-layout-343acf9e wp-block-column-is-layout-flow\" style=\"flex-basis:50%\">\n<figure class=\"wp-block-image size-full\"><img loading=\"lazy\" decoding=\"async\" width=\"2210\" height=\"1118\" src=\"https:\/\/www.latelier-rlc.fr\/wp-content\/uploads\/2024\/10\/PLN-facades.jpg\" alt=\"\" class=\"wp-image-225\" style=\"aspect-ratio:4\/3;object-fit:cover\" srcset=\"https:\/\/www.latelier-rlc.fr\/wp-content\/uploads\/2024\/10\/PLN-facades.jpg 2210w, https:\/\/www.latelier-rlc.fr\/wp-content\/uploads\/2024\/10\/PLN-facades-300x152.jpg 300w, https:\/\/www.latelier-rlc.fr\/wp-content\/uploads\/2024\/10\/PLN-facades-1024x518.jpg 1024w, https:\/\/www.latelier-rlc.fr\/wp-content\/uploads\/2024\/10\/PLN-facades-768x389.jpg 768w, https:\/\/www.latelier-rlc.fr\/wp-content\/uploads\/2024\/10\/PLN-facades-1536x777.jpg 1536w, https:\/\/www.latelier-rlc.fr\/wp-content\/uploads\/2024\/10\/PLN-facades-2048x1036.jpg 2048w\" sizes=\"auto, (max-width: 2210px) 100vw, 2210px\" \/><\/figure>\n<\/div>\n<\/div>\n\n\n\n<figure class=\"wp-block-image alignfull size-full\"><img loading=\"lazy\" decoding=\"async\" width=\"1535\" height=\"777\" src=\"https:\/\/www.latelier-rlc.fr\/wp-content\/uploads\/2024\/10\/PLN-plan.jpg\" alt=\"\" class=\"wp-image-226\" srcset=\"https:\/\/www.latelier-rlc.fr\/wp-content\/uploads\/2024\/10\/PLN-plan.jpg 1535w, https:\/\/www.latelier-rlc.fr\/wp-content\/uploads\/2024\/10\/PLN-plan-300x152.jpg 300w, https:\/\/www.latelier-rlc.fr\/wp-content\/uploads\/2024\/10\/PLN-plan-1024x518.jpg 1024w, https:\/\/www.latelier-rlc.fr\/wp-content\/uploads\/2024\/10\/PLN-plan-768x389.jpg 768w\" sizes=\"auto, (max-width: 1535px) 100vw, 1535px\" \/><\/figure>\n\n\n\n<div class=\"wp-block-columns alignfull is-layout-flex wp-container-core-columns-is-layout-5327a6c6 wp-block-columns-is-layout-flex\" style=\"margin-top:0px;margin-bottom:0px;padding-right:60px;padding-left:60px\">\n<div class=\"wp-block-column is-layout-flow wp-container-core-column-is-layout-343acf9e wp-block-column-is-layout-flow\" style=\"flex-basis:50%\">\n<figure class=\"wp-block-image size-full\"><img loading=\"lazy\" decoding=\"async\" width=\"1920\" height=\"2560\" src=\"https:\/\/www.latelier-rlc.fr\/wp-content\/uploads\/2024\/10\/20210128_153159-scaled.jpg\" alt=\"\" class=\"wp-image-234\" style=\"aspect-ratio:4\/3;object-fit:cover\" srcset=\"https:\/\/www.latelier-rlc.fr\/wp-content\/uploads\/2024\/10\/20210128_153159-scaled.jpg 1920w, https:\/\/www.latelier-rlc.fr\/wp-content\/uploads\/2024\/10\/20210128_153159-225x300.jpg 225w, https:\/\/www.latelier-rlc.fr\/wp-content\/uploads\/2024\/10\/20210128_153159-768x1024.jpg 768w, https:\/\/www.latelier-rlc.fr\/wp-content\/uploads\/2024\/10\/20210128_153159-1152x1536.jpg 1152w, https:\/\/www.latelier-rlc.fr\/wp-content\/uploads\/2024\/10\/20210128_153159-1536x2048.jpg 1536w\" sizes=\"auto, (max-width: 1920px) 100vw, 1920px\" \/><\/figure>\n<\/div>\n\n\n\n<div class=\"wp-block-column is-layout-flow wp-container-core-column-is-layout-343acf9e wp-block-column-is-layout-flow\" style=\"flex-basis:50%\">\n<figure class=\"wp-block-image size-full\"><img loading=\"lazy\" decoding=\"async\" width=\"2560\" height=\"1920\" src=\"https:\/\/www.latelier-rlc.fr\/wp-content\/uploads\/2024\/10\/20201208_110553-scaled.jpg\" alt=\"\" class=\"wp-image-235\" style=\"aspect-ratio:4\/3;object-fit:cover\" srcset=\"https:\/\/www.latelier-rlc.fr\/wp-content\/uploads\/2024\/10\/20201208_110553-scaled.jpg 2560w, https:\/\/www.latelier-rlc.fr\/wp-content\/uploads\/2024\/10\/20201208_110553-300x225.jpg 300w, https:\/\/www.latelier-rlc.fr\/wp-content\/uploads\/2024\/10\/20201208_110553-1024x768.jpg 1024w, https:\/\/www.latelier-rlc.fr\/wp-content\/uploads\/2024\/10\/20201208_110553-768x576.jpg 768w, https:\/\/www.latelier-rlc.fr\/wp-content\/uploads\/2024\/10\/20201208_110553-1536x1152.jpg 1536w, https:\/\/www.latelier-rlc.fr\/wp-content\/uploads\/2024\/10\/20201208_110553-2048x1536.jpg 2048w\" sizes=\"auto, (max-width: 2560px) 100vw, 2560px\" \/><\/figure>\n<\/div>\n<\/div>\n","protected":false},"excerpt":{"rendered":"<p>R\u00e9novation d&rsquo;une long\u00e8re \u00e0 St Jean Trolimon Notre client souhaitait transformer un ancien corps de ferme en deux logements ind\u00e9pendants. La partie habitation de cette ancienne long\u00e8re avais \u00e9t\u00e9 partiellement restaur\u00e9e il y a quelques ann\u00e9es, le projet consistait \u00e0 moderniser l\u2019am\u00e9nagement de la maison et \u00e0 transformer la grange en habitation. Le syst\u00e8me de [&hellip;]<\/p>\n","protected":false},"author":1,"featured_media":0,"parent":0,"menu_order":0,"comment_status":"closed","ping_status":"closed","template":"","meta":{"footnotes":""},"class_list":["post-220","page","type-page","status-publish","hentry"],"_links":{"self":[{"href":"https:\/\/www.latelier-rlc.fr\/index.php\/wp-json\/wp\/v2\/pages\/220","targetHints":{"allow":["GET"]}}],"collection":[{"href":"https:\/\/www.latelier-rlc.fr\/index.php\/wp-json\/wp\/v2\/pages"}],"about":[{"href":"https:\/\/www.latelier-rlc.fr\/index.php\/wp-json\/wp\/v2\/types\/page"}],"author":[{"embeddable":true,"href":"https:\/\/www.latelier-rlc.fr\/index.php\/wp-json\/wp\/v2\/users\/1"}],"replies":[{"embeddable":true,"href":"https:\/\/www.latelier-rlc.fr\/index.php\/wp-json\/wp\/v2\/comments?post=220"}],"version-history":[{"count":5,"href":"https:\/\/www.latelier-rlc.fr\/index.php\/wp-json\/wp\/v2\/pages\/220\/revisions"}],"predecessor-version":[{"id":237,"href":"https:\/\/www.latelier-rlc.fr\/index.php\/wp-json\/wp\/v2\/pages\/220\/revisions\/237"}],"wp:attachment":[{"href":"https:\/\/www.latelier-rlc.fr\/index.php\/wp-json\/wp\/v2\/media?parent=220"}],"curies":[{"name":"wp","href":"https:\/\/api.w.org\/{rel}","templated":true}]}}