{"id":5,"date":"2024-06-24T16:18:39","date_gmt":"2024-06-24T14:18:39","guid":{"rendered":"http:\/\/www.latelier-rlc.fr\/?page_id=5"},"modified":"2024-11-29T11:22:23","modified_gmt":"2024-11-29T10:22:23","slug":"accueil","status":"publish","type":"page","link":"https:\/\/www.latelier-rlc.fr\/","title":{"rendered":"Accueil"},"content":{"rendered":"\n<div class=\"wp-block-group alignfull is-layout-constrained wp-block-group-is-layout-constrained\" style=\"margin-top:0px;margin-bottom:0px\">\n<div class=\"wp-block-cover alignfull is-light\" style=\"min-height:650px;aspect-ratio:unset;\"><span aria-hidden=\"true\" class=\"wp-block-cover__background has-background-dim-0 has-background-dim\" style=\"background-color:#898e8a\"><\/span><img loading=\"lazy\" decoding=\"async\" width=\"2560\" height=\"1707\" class=\"wp-block-cover__image-background wp-image-62\" alt=\"\" src=\"https:\/\/www.latelier-rlc.fr\/wp-content\/uploads\/2024\/07\/IMG_7150-1-scaled.jpg\" data-object-fit=\"cover\" srcset=\"https:\/\/www.latelier-rlc.fr\/wp-content\/uploads\/2024\/07\/IMG_7150-1-scaled.jpg 2560w, https:\/\/www.latelier-rlc.fr\/wp-content\/uploads\/2024\/07\/IMG_7150-1-300x200.jpg 300w, https:\/\/www.latelier-rlc.fr\/wp-content\/uploads\/2024\/07\/IMG_7150-1-1024x683.jpg 1024w, https:\/\/www.latelier-rlc.fr\/wp-content\/uploads\/2024\/07\/IMG_7150-1-768x512.jpg 768w, https:\/\/www.latelier-rlc.fr\/wp-content\/uploads\/2024\/07\/IMG_7150-1-1536x1024.jpg 1536w, https:\/\/www.latelier-rlc.fr\/wp-content\/uploads\/2024\/07\/IMG_7150-1-2048x1365.jpg 2048w\" sizes=\"auto, (max-width: 2560px) 100vw, 2560px\" \/><div class=\"wp-block-cover__inner-container is-layout-flow wp-block-cover-is-layout-flow\">\n<p class=\"has-text-align-center has-large-font-size\"><\/p>\n<\/div><\/div>\n<\/div>\n\n\n\n<div class=\"wp-block-group alignfull is-content-justification-left is-layout-constrained wp-container-core-group-is-layout-edb45cc0 wp-block-group-is-layout-constrained\" style=\"margin-top:0px;margin-bottom:0px;padding-top:70px;padding-right:50px;padding-bottom:100px;padding-left:50px\">\n<h2 class=\"wp-block-heading alignfull has-text-align-center has-text-color\" style=\"color:#000000;font-size:64px;font-style:normal;font-weight:400\">Agence de maitrise d\u2019\u0153uvre <\/h2>\n\n\n\n<h2 class=\"wp-block-heading alignfull has-text-align-center has-text-color\" style=\"color:#000000;font-size:64px;font-style:normal;font-weight:400\">Projets neuf<\/h2>\n\n\n\n<h2 class=\"wp-block-heading alignfull has-text-align-center has-text-color\" style=\"color:#000000;font-size:64px;font-style:normal;font-weight:400\">R\u00e9novation extension <\/h2>\n\n\n\n<h2 class=\"wp-block-heading alignfull has-text-align-center has-text-color\" style=\"color:#000000;font-size:64px;font-style:normal;font-weight:400\">Conception bioclimatique <\/h2>\n\n\n\n<h2 class=\"wp-block-heading alignfull has-text-align-center has-text-color\" style=\"color:#000000;font-size:64px;font-style:normal;font-weight:400\">Agencement int\u00e9rieur<\/h2>\n<\/div>\n\n\n\n<div class=\"wp-block-group alignfull is-layout-constrained wp-container-core-group-is-layout-96e30fd9 wp-block-group-is-layout-constrained\" style=\"margin-top:10px;margin-bottom:10px;padding-right:50px;padding-left:50px\">\n<div class=\"wp-block-columns alignfull is-layout-flex wp-container-core-columns-is-layout-5327a6c6 wp-block-columns-is-layout-flex\" style=\"margin-top:0px;margin-bottom:0px;padding-right:60px;padding-left:60px\">\n<div class=\"wp-block-column is-layout-flow wp-container-core-column-is-layout-343acf9e wp-block-column-is-layout-flow\" style=\"flex-basis:50%\">\n<figure class=\"wp-block-image size-full\"><a href=\"https:\/\/www.latelier-rlc.fr\/index.php\/maison-individuelle\/\"><img loading=\"lazy\" decoding=\"async\" width=\"2560\" height=\"1707\" src=\"https:\/\/www.latelier-rlc.fr\/wp-content\/uploads\/2024\/07\/IMG_7154-scaled.jpg\" alt=\"\" class=\"wp-image-64\" style=\"aspect-ratio:4\/3;object-fit:cover\" srcset=\"https:\/\/www.latelier-rlc.fr\/wp-content\/uploads\/2024\/07\/IMG_7154-scaled.jpg 2560w, https:\/\/www.latelier-rlc.fr\/wp-content\/uploads\/2024\/07\/IMG_7154-300x200.jpg 300w, https:\/\/www.latelier-rlc.fr\/wp-content\/uploads\/2024\/07\/IMG_7154-1024x683.jpg 1024w, https:\/\/www.latelier-rlc.fr\/wp-content\/uploads\/2024\/07\/IMG_7154-768x512.jpg 768w, https:\/\/www.latelier-rlc.fr\/wp-content\/uploads\/2024\/07\/IMG_7154-1536x1024.jpg 1536w, https:\/\/www.latelier-rlc.fr\/wp-content\/uploads\/2024\/07\/IMG_7154-2048x1365.jpg 2048w\" sizes=\"auto, (max-width: 2560px) 100vw, 2560px\" \/><\/a><\/figure>\n<\/div>\n\n\n\n<div class=\"wp-block-column is-layout-flow wp-container-core-column-is-layout-343acf9e wp-block-column-is-layout-flow\" style=\"flex-basis:50%\">\n<figure class=\"wp-block-image size-full\"><a href=\"https:\/\/www.latelier-rlc.fr\/index.php\/renovation-combrit\/\"><img loading=\"lazy\" decoding=\"async\" width=\"2560\" height=\"1922\" src=\"https:\/\/www.latelier-rlc.fr\/wp-content\/uploads\/2024\/10\/P1020317-scaled.jpg\" alt=\"\" class=\"wp-image-196\" style=\"aspect-ratio:4\/3;object-fit:cover\" srcset=\"https:\/\/www.latelier-rlc.fr\/wp-content\/uploads\/2024\/10\/P1020317-scaled.jpg 2560w, https:\/\/www.latelier-rlc.fr\/wp-content\/uploads\/2024\/10\/P1020317-300x225.jpg 300w, https:\/\/www.latelier-rlc.fr\/wp-content\/uploads\/2024\/10\/P1020317-1024x769.jpg 1024w, https:\/\/www.latelier-rlc.fr\/wp-content\/uploads\/2024\/10\/P1020317-768x577.jpg 768w, https:\/\/www.latelier-rlc.fr\/wp-content\/uploads\/2024\/10\/P1020317-1536x1153.jpg 1536w, https:\/\/www.latelier-rlc.fr\/wp-content\/uploads\/2024\/10\/P1020317-2048x1538.jpg 2048w\" sizes=\"auto, (max-width: 2560px) 100vw, 2560px\" \/><\/a><\/figure>\n<\/div>\n<\/div>\n<\/div>\n\n\n\n<div class=\"wp-block-group alignfull is-layout-constrained wp-container-core-group-is-layout-18acec81 wp-block-group-is-layout-constrained\" style=\"padding-right:50px;padding-bottom:100px;padding-left:50px\">\n<div class=\"wp-block-columns alignfull are-vertically-aligned-top is-layout-flex wp-container-core-columns-is-layout-1d56fa42 wp-block-columns-is-layout-flex\" style=\"margin-top:0px;margin-bottom:0px;padding-top:30px;padding-right:60px;padding-bottom:30px;padding-left:60px\">\n<div class=\"wp-block-column is-vertically-aligned-top is-layout-flow wp-container-core-column-is-layout-343acf9e wp-block-column-is-layout-flow\" style=\"flex-basis:50%\">\n<figure class=\"wp-block-image size-full\"><a href=\"https:\/\/www.latelier-rlc.fr\/index.php\/renovation-pont-labbe\/\"><img loading=\"lazy\" decoding=\"async\" width=\"2560\" height=\"1922\" src=\"https:\/\/www.latelier-rlc.fr\/wp-content\/uploads\/2024\/07\/P1020310-scaled.jpg\" alt=\"\" class=\"wp-image-67\" style=\"aspect-ratio:4\/3;object-fit:cover\" srcset=\"https:\/\/www.latelier-rlc.fr\/wp-content\/uploads\/2024\/07\/P1020310-scaled.jpg 2560w, https:\/\/www.latelier-rlc.fr\/wp-content\/uploads\/2024\/07\/P1020310-300x225.jpg 300w, https:\/\/www.latelier-rlc.fr\/wp-content\/uploads\/2024\/07\/P1020310-1024x769.jpg 1024w, https:\/\/www.latelier-rlc.fr\/wp-content\/uploads\/2024\/07\/P1020310-768x577.jpg 768w, https:\/\/www.latelier-rlc.fr\/wp-content\/uploads\/2024\/07\/P1020310-1536x1153.jpg 1536w, https:\/\/www.latelier-rlc.fr\/wp-content\/uploads\/2024\/07\/P1020310-2048x1538.jpg 2048w\" sizes=\"auto, (max-width: 2560px) 100vw, 2560px\" \/><\/a><\/figure>\n<\/div>\n\n\n\n<div class=\"wp-block-column is-vertically-aligned-top is-layout-flow wp-container-core-column-is-layout-343acf9e wp-block-column-is-layout-flow\" style=\"flex-basis:50%\">\n<figure class=\"wp-block-image size-full\"><a href=\"https:\/\/www.latelier-rlc.fr\/index.php\/renovation-collectif\/\"><img loading=\"lazy\" decoding=\"async\" width=\"2560\" height=\"1707\" src=\"https:\/\/www.latelier-rlc.fr\/wp-content\/uploads\/2024\/10\/IMG_7161-scaled.jpg\" alt=\"\" class=\"wp-image-198\" style=\"aspect-ratio:1.3333333333333333;object-fit:cover\" srcset=\"https:\/\/www.latelier-rlc.fr\/wp-content\/uploads\/2024\/10\/IMG_7161-scaled.jpg 2560w, https:\/\/www.latelier-rlc.fr\/wp-content\/uploads\/2024\/10\/IMG_7161-300x200.jpg 300w, https:\/\/www.latelier-rlc.fr\/wp-content\/uploads\/2024\/10\/IMG_7161-1024x683.jpg 1024w, https:\/\/www.latelier-rlc.fr\/wp-content\/uploads\/2024\/10\/IMG_7161-768x512.jpg 768w, https:\/\/www.latelier-rlc.fr\/wp-content\/uploads\/2024\/10\/IMG_7161-1536x1024.jpg 1536w, https:\/\/www.latelier-rlc.fr\/wp-content\/uploads\/2024\/10\/IMG_7161-2048x1365.jpg 2048w\" sizes=\"auto, (max-width: 2560px) 100vw, 2560px\" \/><\/a><\/figure>\n<\/div>\n<\/div>\n<\/div>\n\n\n\n<p><\/p>\n","protected":false},"excerpt":{"rendered":"<p>Agence de maitrise d\u2019\u0153uvre Projets neuf R\u00e9novation extension Conception bioclimatique Agencement int\u00e9rieur<\/p>\n","protected":false},"author":1,"featured_media":0,"parent":0,"menu_order":0,"comment_status":"closed","ping_status":"closed","template":"","meta":{"footnotes":""},"class_list":["post-5","page","type-page","status-publish","hentry"],"_links":{"self":[{"href":"https:\/\/www.latelier-rlc.fr\/index.php\/wp-json\/wp\/v2\/pages\/5","targetHints":{"allow":["GET"]}}],"collection":[{"href":"https:\/\/www.latelier-rlc.fr\/index.php\/wp-json\/wp\/v2\/pages"}],"about":[{"href":"https:\/\/www.latelier-rlc.fr\/index.php\/wp-json\/wp\/v2\/types\/page"}],"author":[{"embeddable":true,"href":"https:\/\/www.latelier-rlc.fr\/index.php\/wp-json\/wp\/v2\/users\/1"}],"replies":[{"embeddable":true,"href":"https:\/\/www.latelier-rlc.fr\/index.php\/wp-json\/wp\/v2\/comments?post=5"}],"version-history":[{"count":25,"href":"https:\/\/www.latelier-rlc.fr\/index.php\/wp-json\/wp\/v2\/pages\/5\/revisions"}],"predecessor-version":[{"id":248,"href":"https:\/\/www.latelier-rlc.fr\/index.php\/wp-json\/wp\/v2\/pages\/5\/revisions\/248"}],"wp:attachment":[{"href":"https:\/\/www.latelier-rlc.fr\/index.php\/wp-json\/wp\/v2\/media?parent=5"}],"curies":[{"name":"wp","href":"https:\/\/api.w.org\/{rel}","templated":true}]}}