{"id":8,"date":"2024-06-24T16:19:29","date_gmt":"2024-06-24T14:19:29","guid":{"rendered":"http:\/\/www.latelier-rlc.fr\/?page_id=8"},"modified":"2024-07-19T16:57:51","modified_gmt":"2024-07-19T14:57:51","slug":"a-propos","status":"publish","type":"page","link":"https:\/\/www.latelier-rlc.fr\/index.php\/a-propos\/","title":{"rendered":"A propos"},"content":{"rendered":"\n<div class=\"wp-block-group alignwide is-layout-constrained wp-container-core-group-is-layout-56c63f98 wp-block-group-is-layout-constrained\" style=\"padding-top:4rem;padding-right:65px;padding-bottom:80px;padding-left:65px\">\n<div class=\"wp-block-columns alignfull is-layout-flex wp-container-core-columns-is-layout-e65c0db8 wp-block-columns-is-layout-flex\" style=\"padding-right:20px;padding-left:20px\">\n<div class=\"wp-block-column is-layout-flow wp-block-column-is-layout-flow\" style=\"flex-basis:40%\">\n<h2 class=\"wp-block-heading has-text-color\" style=\"color:#090909;font-size:45px\">Qui sommes nous<\/h2>\n\n\n\n<p><\/p>\n<\/div>\n\n\n\n<div class=\"wp-block-column is-layout-flow wp-container-core-column-is-layout-343acf9e wp-block-column-is-layout-flow\">\n<p class=\"has-text-color has-link-color wp-elements-159b16f4908971b60422524e470a9c40\" style=\"color:#000000;font-size:16px;font-style:normal;font-weight:300\">L\u2019Atelier RLC est une agence de ma\u00eetrise d\u2019\u0153uvre install\u00e9 dans le pays bigouden. Nous vous aidons \u00e0 r\u00e9aliser des projets de construction neuve ou des projets de restauration et d\u2019extension de r\u00e9alisations existantes. Nous assistons \u00e9galement les projets de r\u00e9novation thermiques.<\/p>\n\n\n\n<p class=\"has-text-color has-link-color wp-elements-2cc528166bfa40fc3f2112e7b7678a59\" style=\"color:#000000;font-size:16px;font-style:normal;font-weight:300\">Nos projets sont con\u00e7us dans une d\u00e9marche bio climatique et en privil\u00e9giant l\u2019utilisation de mat\u00e9riaux locaux.<\/p>\n\n\n\n<p class=\"has-text-color has-link-color wp-elements-a99fbe52d7279f69db6feca596e600e8\" style=\"color:#000000;font-size:16px;font-style:normal;font-weight:300\">Nous prestations pour le suivi de vos projets comprennent la r\u00e9alisation d\u2019esquisses, de plans d\u2019ex\u00e9cution, de devis et le suivi des travaux.<\/p>\n\n\n\n<p><\/p>\n\n\n\n<p><\/p>\n<\/div>\n<\/div>\n<\/div>\n\n\n\n<div class=\"wp-block-cover alignfull\" style=\"padding-top:80px;padding-right:65px;padding-bottom:50px;padding-left:65px\"><span aria-hidden=\"true\" class=\"wp-block-cover__background has-background-dim-30 has-background-dim\" style=\"background-color:#656b6c\"><\/span><img loading=\"lazy\" decoding=\"async\" width=\"2560\" height=\"1922\" class=\"wp-block-cover__image-background wp-image-163\" alt=\"\" src=\"https:\/\/www.latelier-rlc.fr\/wp-content\/uploads\/2024\/07\/P1020312-2-scaled.jpg\" data-object-fit=\"cover\" srcset=\"https:\/\/www.latelier-rlc.fr\/wp-content\/uploads\/2024\/07\/P1020312-2-scaled.jpg 2560w, https:\/\/www.latelier-rlc.fr\/wp-content\/uploads\/2024\/07\/P1020312-2-300x225.jpg 300w, https:\/\/www.latelier-rlc.fr\/wp-content\/uploads\/2024\/07\/P1020312-2-1024x769.jpg 1024w, https:\/\/www.latelier-rlc.fr\/wp-content\/uploads\/2024\/07\/P1020312-2-768x577.jpg 768w, https:\/\/www.latelier-rlc.fr\/wp-content\/uploads\/2024\/07\/P1020312-2-1536x1153.jpg 1536w, https:\/\/www.latelier-rlc.fr\/wp-content\/uploads\/2024\/07\/P1020312-2-2048x1538.jpg 2048w\" sizes=\"auto, (max-width: 2560px) 100vw, 2560px\" \/><div class=\"wp-block-cover__inner-container is-layout-flow wp-container-core-cover-is-layout-dac09fb9 wp-block-cover-is-layout-flow\">\n<div class=\"wp-block-columns alignfull is-layout-flex wp-container-core-columns-is-layout-41339b86 wp-block-columns-is-layout-flex\" style=\"padding-right:20px;padding-left:20px\">\n<div class=\"wp-block-column is-layout-flow wp-container-core-column-is-layout-343acf9e wp-block-column-is-layout-flow\">\n<h2 class=\"wp-block-heading has-text-color\" style=\"color:#ffffff;font-size:45px\"><\/h2>\n\n\n\n<div class=\"wp-block-buttons is-content-justification-left is-layout-flex wp-container-core-buttons-is-layout-f3afa3a0 wp-block-buttons-is-layout-flex\">\n<div class=\"wp-block-button has-custom-font-size\" style=\"font-size:16px;text-transform:capitalize\"><a class=\"wp-block-button__link has-text-color has-background wp-element-button\" href=\"https:\/\/www.latelier-rlc.fr\/index.php\/contact\/\" style=\"border-style:none;border-width:0px;border-radius:0px;color:#000000;background-color:#ffffff;padding-top:20px;padding-right:40px;padding-bottom:20px;padding-left:40px\">Contact<\/a><\/div>\n<\/div>\n<\/div>\n\n\n\n<div class=\"wp-block-column is-layout-flow wp-block-column-is-layout-flow\"><\/div>\n<\/div>\n<\/div><\/div>\n\n\n\n<p><\/p>\n","protected":false},"excerpt":{"rendered":"<p>Qui sommes nous L\u2019Atelier RLC est une agence de ma\u00eetrise d\u2019\u0153uvre install\u00e9 dans le pays bigouden. Nous vous aidons \u00e0 r\u00e9aliser des projets de construction neuve ou des projets de restauration et d\u2019extension de r\u00e9alisations existantes. Nous assistons \u00e9galement les projets de r\u00e9novation thermiques. Nos projets sont con\u00e7us dans une d\u00e9marche bio climatique et en [&hellip;]<\/p>\n","protected":false},"author":1,"featured_media":0,"parent":0,"menu_order":0,"comment_status":"closed","ping_status":"closed","template":"","meta":{"footnotes":""},"class_list":["post-8","page","type-page","status-publish","hentry"],"_links":{"self":[{"href":"https:\/\/www.latelier-rlc.fr\/index.php\/wp-json\/wp\/v2\/pages\/8","targetHints":{"allow":["GET"]}}],"collection":[{"href":"https:\/\/www.latelier-rlc.fr\/index.php\/wp-json\/wp\/v2\/pages"}],"about":[{"href":"https:\/\/www.latelier-rlc.fr\/index.php\/wp-json\/wp\/v2\/types\/page"}],"author":[{"embeddable":true,"href":"https:\/\/www.latelier-rlc.fr\/index.php\/wp-json\/wp\/v2\/users\/1"}],"replies":[{"embeddable":true,"href":"https:\/\/www.latelier-rlc.fr\/index.php\/wp-json\/wp\/v2\/comments?post=8"}],"version-history":[{"count":5,"href":"https:\/\/www.latelier-rlc.fr\/index.php\/wp-json\/wp\/v2\/pages\/8\/revisions"}],"predecessor-version":[{"id":176,"href":"https:\/\/www.latelier-rlc.fr\/index.php\/wp-json\/wp\/v2\/pages\/8\/revisions\/176"}],"wp:attachment":[{"href":"https:\/\/www.latelier-rlc.fr\/index.php\/wp-json\/wp\/v2\/media?parent=8"}],"curies":[{"name":"wp","href":"https:\/\/api.w.org\/{rel}","templated":true}]}}